{"id":274,"date":"2016-11-10T16:41:00","date_gmt":"2016-11-10T16:41:00","guid":{"rendered":"https:\/\/oceanwp.org\/architect\/?page_id=274"},"modified":"2019-03-22T10:30:53","modified_gmt":"2019-03-22T09:30:53","slug":"a-propos","status":"publish","type":"page","link":"https:\/\/margotdumaquillage.com\/index.php\/a-propos\/","title":{"rendered":"A propos"},"content":{"rendered":"\t\t<div data-elementor-type=\"wp-post\" data-elementor-id=\"274\" class=\"elementor elementor-274 elementor-bc-flex-widget\" data-elementor-settings=\"[]\">\n\t\t\t\t\t\t<div class=\"elementor-inner\">\n\t\t\t\t\t\t\t<div class=\"elementor-section-wrap\">\n\t\t\t\t\t\t\t<section class=\"elementor-section elementor-top-section elementor-element elementor-element-o0r72cj elementor-section-content-middle elementor-section-boxed elementor-section-height-default elementor-section-height-default\" data-id=\"o0r72cj\" data-element_type=\"section\">\n\t\t\t\t\t\t<div class=\"elementor-container elementor-column-gap-default\">\n\t\t\t\t\t\t\t<div class=\"elementor-row\">\n\t\t\t\t\t<div class=\"elementor-column elementor-col-33 elementor-top-column elementor-element elementor-element-07cyz1j title-row\" data-id=\"07cyz1j\" data-element_type=\"column\">\n\t\t\t<div class=\"elementor-column-wrap elementor-element-populated\">\n\t\t\t\t\t\t\t<div class=\"elementor-widget-wrap\">\n\t\t\t\t\t\t<div class=\"elementor-element elementor-element-d6a6b3d elementor-widget elementor-widget-image\" data-id=\"d6a6b3d\" data-element_type=\"widget\" data-widget_type=\"image.default\">\n\t\t\t\t<div class=\"elementor-widget-container\">\n\t\t\t\t\t<div class=\"elementor-image\">\n\t\t\t\t\t\t\t\t\t\t<img width=\"1200\" height=\"800\" src=\"https:\/\/margotdumaquillage.com\/wp-content\/uploads\/2018\/10\/histoiresbrutes-shooting-inspiration-rock-maquillage-arde\u0300che-6.jpg\" class=\"attachment-full size-full\" alt=\"Margot Dumas, Artiste Maquilleuse\" loading=\"lazy\" srcset=\"https:\/\/margotdumaquillage.com\/wp-content\/uploads\/2018\/10\/histoiresbrutes-shooting-inspiration-rock-maquillage-arde\u0300che-6.jpg 1200w, https:\/\/margotdumaquillage.com\/wp-content\/uploads\/2018\/10\/histoiresbrutes-shooting-inspiration-rock-maquillage-arde\u0300che-6-300x200.jpg 300w, https:\/\/margotdumaquillage.com\/wp-content\/uploads\/2018\/10\/histoiresbrutes-shooting-inspiration-rock-maquillage-arde\u0300che-6-768x512.jpg 768w, https:\/\/margotdumaquillage.com\/wp-content\/uploads\/2018\/10\/histoiresbrutes-shooting-inspiration-rock-maquillage-arde\u0300che-6-1024x683.jpg 1024w, https:\/\/margotdumaquillage.com\/wp-content\/uploads\/2018\/10\/histoiresbrutes-shooting-inspiration-rock-maquillage-arde\u0300che-6-250x167.jpg 250w, https:\/\/margotdumaquillage.com\/wp-content\/uploads\/2018\/10\/histoiresbrutes-shooting-inspiration-rock-maquillage-arde\u0300che-6-550x367.jpg 550w, https:\/\/margotdumaquillage.com\/wp-content\/uploads\/2018\/10\/histoiresbrutes-shooting-inspiration-rock-maquillage-arde\u0300che-6-800x533.jpg 800w, https:\/\/margotdumaquillage.com\/wp-content\/uploads\/2018\/10\/histoiresbrutes-shooting-inspiration-rock-maquillage-arde\u0300che-6-270x180.jpg 270w, https:\/\/margotdumaquillage.com\/wp-content\/uploads\/2018\/10\/histoiresbrutes-shooting-inspiration-rock-maquillage-arde\u0300che-6-450x300.jpg 450w, https:\/\/margotdumaquillage.com\/wp-content\/uploads\/2018\/10\/histoiresbrutes-shooting-inspiration-rock-maquillage-arde\u0300che-6-750x500.jpg 750w\" sizes=\"(max-width: 1200px) 100vw, 1200px\" \/>\t\t\t\t\t\t\t\t\t\t\t<\/div>\n\t\t\t\t<\/div>\n\t\t\t\t<\/div>\n\t\t\t\t<div class=\"elementor-element elementor-element-c033401 elementor-widget elementor-widget-text-editor\" data-id=\"c033401\" data-element_type=\"widget\" data-widget_type=\"text-editor.default\">\n\t\t\t\t<div class=\"elementor-widget-container\">\n\t\t\t\t\t<div class=\"elementor-text-editor elementor-clearfix\"><p>Photographe : Histoires Brutes<\/p><\/div>\n\t\t\t\t<\/div>\n\t\t\t\t<\/div>\n\t\t\t\t<div class=\"elementor-element elementor-element-08b819b elementor-widget elementor-widget-text-editor\" data-id=\"08b819b\" data-element_type=\"widget\" data-widget_type=\"text-editor.default\">\n\t\t\t\t<div class=\"elementor-widget-container\">\n\t\t\t\t\t<div class=\"elementor-text-editor elementor-clearfix\"><p>maquilleuse professionnelle<\/p><\/div>\n\t\t\t\t<\/div>\n\t\t\t\t<\/div>\n\t\t\t\t\t\t<\/div>\n\t\t\t\t\t<\/div>\n\t\t<\/div>\n\t\t\t\t<div class=\"elementor-column elementor-col-66 elementor-top-column elementor-element elementor-element-i9j5fjm big-margin\" data-id=\"i9j5fjm\" data-element_type=\"column\">\n\t\t\t<div class=\"elementor-column-wrap elementor-element-populated\">\n\t\t\t\t\t\t\t<div class=\"elementor-widget-wrap\">\n\t\t\t\t\t\t<div class=\"elementor-element elementor-element-ccc4023 elementor-widget elementor-widget-text-editor\" data-id=\"ccc4023\" data-element_type=\"widget\" data-widget_type=\"text-editor.default\">\n\t\t\t\t<div class=\"elementor-widget-container\">\n\t\t\t\t\t<div class=\"elementor-text-editor elementor-clearfix\"><h2>Lumi\u00e8re et contraste<\/h2><p><em>J&#8217;aime travailler dans la douceur et la subtilit\u00e9,<\/em><br \/><em>l&#8217;objectif n&#8217;\u00e9tant pas de camoufler,<\/em><br \/><em>mais mettre en valeur pour embellir.<\/em><\/p><p>\u00a0<\/p><p align=\"left\">Anciennement maquilleuse chez MAC Cosmetics \u00e0 Lyon, je suis aujourd&#8217;hui install\u00e9e \u00e0 mon compte dans le sud de la Dr\u00f4me depuis d\u00e9but 2016.<\/p><\/div>\n\t\t\t\t<\/div>\n\t\t\t\t<\/div>\n\t\t\t\t\t\t<\/div>\n\t\t\t\t\t<\/div>\n\t\t<\/div>\n\t\t\t\t\t\t\t\t<\/div>\n\t\t\t\t\t<\/div>\n\t\t<\/section>\n\t\t\t\t<section class=\"elementor-section elementor-top-section elementor-element elementor-element-984f76b elementor-section-content-middle elementor-section-boxed elementor-section-height-default elementor-section-height-default\" data-id=\"984f76b\" data-element_type=\"section\">\n\t\t\t\t\t\t<div class=\"elementor-container elementor-column-gap-default\">\n\t\t\t\t\t\t\t<div class=\"elementor-row\">\n\t\t\t\t\t<div class=\"elementor-column elementor-col-66 elementor-top-column elementor-element elementor-element-d821780 big-margin\" data-id=\"d821780\" data-element_type=\"column\">\n\t\t\t<div class=\"elementor-column-wrap elementor-element-populated\">\n\t\t\t\t\t\t\t<div class=\"elementor-widget-wrap\">\n\t\t\t\t\t\t<div class=\"elementor-element elementor-element-4f011d5 elementor-widget elementor-widget-text-editor\" data-id=\"4f011d5\" data-element_type=\"widget\" data-widget_type=\"text-editor.default\">\n\t\t\t\t<div class=\"elementor-widget-container\">\n\t\t\t\t\t<div class=\"elementor-text-editor elementor-clearfix\"><h2>Couleurs au bout du pinceau<\/h2><p><em>Parce qu&#8217;elles se m\u00e9langent \u00e0 l&#8217;infini,<\/em><br \/><em>Les couleurs sont pleines de vie,<\/em><br \/><em>Je vois la vie en couleur&#8230;<\/em><\/p><p>\u00a0<\/p><p>J&#8217;utilise le visage et le corps pour donner vie \u00e0 un art \u00e9ph\u00e9m\u00e8re, cr\u00e9er une \u00e9motion, un spectacle color\u00e9, un tableau vivant&#8230;<\/p><\/div>\n\t\t\t\t<\/div>\n\t\t\t\t<\/div>\n\t\t\t\t\t\t<\/div>\n\t\t\t\t\t<\/div>\n\t\t<\/div>\n\t\t\t\t<div class=\"elementor-column elementor-col-33 elementor-top-column elementor-element elementor-element-975a841 title-row\" data-id=\"975a841\" data-element_type=\"column\">\n\t\t\t<div class=\"elementor-column-wrap elementor-element-populated\">\n\t\t\t\t\t\t\t<div class=\"elementor-widget-wrap\">\n\t\t\t\t\t\t<div class=\"elementor-element elementor-element-3921772 elementor-widget elementor-widget-image\" data-id=\"3921772\" data-element_type=\"widget\" data-widget_type=\"image.default\">\n\t\t\t\t<div class=\"elementor-widget-container\">\n\t\t\t\t\t<div class=\"elementor-image\">\n\t\t\t\t\t\t\t\t\t\t<img width=\"1092\" height=\"728\" src=\"https:\/\/margotdumaquillage.com\/wp-content\/uploads\/2018\/10\/prduits-bodypainting.jpg\" class=\"attachment-full size-full\" alt=\"Margot Dumas, Artiste Maquilleuse\" loading=\"lazy\" srcset=\"https:\/\/margotdumaquillage.com\/wp-content\/uploads\/2018\/10\/prduits-bodypainting.jpg 1092w, https:\/\/margotdumaquillage.com\/wp-content\/uploads\/2018\/10\/prduits-bodypainting-300x200.jpg 300w, https:\/\/margotdumaquillage.com\/wp-content\/uploads\/2018\/10\/prduits-bodypainting-768x512.jpg 768w, https:\/\/margotdumaquillage.com\/wp-content\/uploads\/2018\/10\/prduits-bodypainting-1024x683.jpg 1024w, https:\/\/margotdumaquillage.com\/wp-content\/uploads\/2018\/10\/prduits-bodypainting-250x167.jpg 250w, https:\/\/margotdumaquillage.com\/wp-content\/uploads\/2018\/10\/prduits-bodypainting-550x367.jpg 550w, https:\/\/margotdumaquillage.com\/wp-content\/uploads\/2018\/10\/prduits-bodypainting-800x533.jpg 800w, https:\/\/margotdumaquillage.com\/wp-content\/uploads\/2018\/10\/prduits-bodypainting-270x180.jpg 270w, https:\/\/margotdumaquillage.com\/wp-content\/uploads\/2018\/10\/prduits-bodypainting-450x300.jpg 450w, https:\/\/margotdumaquillage.com\/wp-content\/uploads\/2018\/10\/prduits-bodypainting-750x500.jpg 750w\" sizes=\"(max-width: 1092px) 100vw, 1092px\" \/>\t\t\t\t\t\t\t\t\t\t\t<\/div>\n\t\t\t\t<\/div>\n\t\t\t\t<\/div>\n\t\t\t\t<div class=\"elementor-element elementor-element-9870366 elementor-widget elementor-widget-text-editor\" data-id=\"9870366\" data-element_type=\"widget\" data-widget_type=\"text-editor.default\">\n\t\t\t\t<div class=\"elementor-widget-container\">\n\t\t\t\t\t<div class=\"elementor-text-editor elementor-clearfix\"><p>Photographe : Emmanuelle Trompille<\/p><\/div>\n\t\t\t\t<\/div>\n\t\t\t\t<\/div>\n\t\t\t\t<div class=\"elementor-element elementor-element-011bcb7 elementor-widget elementor-widget-text-editor\" data-id=\"011bcb7\" data-element_type=\"widget\" data-widget_type=\"text-editor.default\">\n\t\t\t\t<div class=\"elementor-widget-container\">\n\t\t\t\t\t<div class=\"elementor-text-editor elementor-clearfix\"><p>maquilleuse artistique<\/p><\/div>\n\t\t\t\t<\/div>\n\t\t\t\t<\/div>\n\t\t\t\t\t\t<\/div>\n\t\t\t\t\t<\/div>\n\t\t<\/div>\n\t\t\t\t\t\t\t\t<\/div>\n\t\t\t\t\t<\/div>\n\t\t<\/section>\n\t\t\t\t<section class=\"elementor-section elementor-top-section elementor-element elementor-element-398ed0c elementor-section-content-middle elementor-section-boxed elementor-section-height-default elementor-section-height-default\" data-id=\"398ed0c\" data-element_type=\"section\">\n\t\t\t\t\t\t<div class=\"elementor-container elementor-column-gap-default\">\n\t\t\t\t\t\t\t<div class=\"elementor-row\">\n\t\t\t\t\t<div class=\"elementor-column elementor-col-33 elementor-top-column elementor-element elementor-element-b0cf677 title-row\" data-id=\"b0cf677\" data-element_type=\"column\">\n\t\t\t<div class=\"elementor-column-wrap elementor-element-populated\">\n\t\t\t\t\t\t\t<div class=\"elementor-widget-wrap\">\n\t\t\t\t\t\t<div class=\"elementor-element elementor-element-8257c12 elementor-widget elementor-widget-image\" data-id=\"8257c12\" data-element_type=\"widget\" data-widget_type=\"image.default\">\n\t\t\t\t<div class=\"elementor-widget-container\">\n\t\t\t\t\t<div class=\"elementor-image\">\n\t\t\t\t\t\t\t\t\t\t<img width=\"1152\" height=\"768\" src=\"https:\/\/margotdumaquillage.com\/wp-content\/uploads\/2018\/10\/V-62.jpg\" class=\"attachment-full size-full\" alt=\"Margot Dumas, Artiste Maquilleuse\" loading=\"lazy\" srcset=\"https:\/\/margotdumaquillage.com\/wp-content\/uploads\/2018\/10\/V-62.jpg 1152w, https:\/\/margotdumaquillage.com\/wp-content\/uploads\/2018\/10\/V-62-300x200.jpg 300w, https:\/\/margotdumaquillage.com\/wp-content\/uploads\/2018\/10\/V-62-768x512.jpg 768w, https:\/\/margotdumaquillage.com\/wp-content\/uploads\/2018\/10\/V-62-1024x683.jpg 1024w, https:\/\/margotdumaquillage.com\/wp-content\/uploads\/2018\/10\/V-62-250x167.jpg 250w, https:\/\/margotdumaquillage.com\/wp-content\/uploads\/2018\/10\/V-62-550x367.jpg 550w, https:\/\/margotdumaquillage.com\/wp-content\/uploads\/2018\/10\/V-62-800x533.jpg 800w, https:\/\/margotdumaquillage.com\/wp-content\/uploads\/2018\/10\/V-62-270x180.jpg 270w, https:\/\/margotdumaquillage.com\/wp-content\/uploads\/2018\/10\/V-62-450x300.jpg 450w, https:\/\/margotdumaquillage.com\/wp-content\/uploads\/2018\/10\/V-62-750x500.jpg 750w\" sizes=\"(max-width: 1152px) 100vw, 1152px\" \/>\t\t\t\t\t\t\t\t\t\t\t<\/div>\n\t\t\t\t<\/div>\n\t\t\t\t<\/div>\n\t\t\t\t<div class=\"elementor-element elementor-element-1206718 elementor-widget elementor-widget-text-editor\" data-id=\"1206718\" data-element_type=\"widget\" data-widget_type=\"text-editor.default\">\n\t\t\t\t<div class=\"elementor-widget-container\">\n\t\t\t\t\t<div class=\"elementor-text-editor elementor-clearfix\"><p>Photographe : Loric Gonzalez<\/p><\/div>\n\t\t\t\t<\/div>\n\t\t\t\t<\/div>\n\t\t\t\t\t\t<\/div>\n\t\t\t\t\t<\/div>\n\t\t<\/div>\n\t\t\t\t<div class=\"elementor-column elementor-col-33 elementor-top-column elementor-element elementor-element-7ccffcb title-row\" data-id=\"7ccffcb\" data-element_type=\"column\">\n\t\t\t<div class=\"elementor-column-wrap elementor-element-populated\">\n\t\t\t\t\t\t\t<div class=\"elementor-widget-wrap\">\n\t\t\t\t\t\t<div class=\"elementor-element elementor-element-e6b40e9 elementor-widget elementor-widget-image\" data-id=\"e6b40e9\" data-element_type=\"widget\" data-widget_type=\"image.default\">\n\t\t\t\t<div class=\"elementor-widget-container\">\n\t\t\t\t\t<div class=\"elementor-image\">\n\t\t\t\t\t\t\t\t\t\t<img width=\"1152\" height=\"768\" src=\"https:\/\/margotdumaquillage.com\/wp-content\/uploads\/2018\/10\/V-33.jpg\" class=\"attachment-full size-full\" alt=\"Margot Dumas, Artiste Maquilleuse\" loading=\"lazy\" srcset=\"https:\/\/margotdumaquillage.com\/wp-content\/uploads\/2018\/10\/V-33.jpg 1152w, https:\/\/margotdumaquillage.com\/wp-content\/uploads\/2018\/10\/V-33-300x200.jpg 300w, https:\/\/margotdumaquillage.com\/wp-content\/uploads\/2018\/10\/V-33-768x512.jpg 768w, https:\/\/margotdumaquillage.com\/wp-content\/uploads\/2018\/10\/V-33-1024x683.jpg 1024w, https:\/\/margotdumaquillage.com\/wp-content\/uploads\/2018\/10\/V-33-250x167.jpg 250w, https:\/\/margotdumaquillage.com\/wp-content\/uploads\/2018\/10\/V-33-550x367.jpg 550w, https:\/\/margotdumaquillage.com\/wp-content\/uploads\/2018\/10\/V-33-800x533.jpg 800w, https:\/\/margotdumaquillage.com\/wp-content\/uploads\/2018\/10\/V-33-270x180.jpg 270w, https:\/\/margotdumaquillage.com\/wp-content\/uploads\/2018\/10\/V-33-450x300.jpg 450w, https:\/\/margotdumaquillage.com\/wp-content\/uploads\/2018\/10\/V-33-750x500.jpg 750w\" sizes=\"(max-width: 1152px) 100vw, 1152px\" \/>\t\t\t\t\t\t\t\t\t\t\t<\/div>\n\t\t\t\t<\/div>\n\t\t\t\t<\/div>\n\t\t\t\t<div class=\"elementor-element elementor-element-4b5f45e elementor-widget elementor-widget-text-editor\" data-id=\"4b5f45e\" data-element_type=\"widget\" data-widget_type=\"text-editor.default\">\n\t\t\t\t<div class=\"elementor-widget-container\">\n\t\t\t\t\t<div class=\"elementor-text-editor elementor-clearfix\"><p>Photographe : Loric Gonzalez<\/p><\/div>\n\t\t\t\t<\/div>\n\t\t\t\t<\/div>\n\t\t\t\t\t\t<\/div>\n\t\t\t\t\t<\/div>\n\t\t<\/div>\n\t\t\t\t<div class=\"elementor-column elementor-col-33 elementor-top-column elementor-element elementor-element-9412fe5 title-row\" data-id=\"9412fe5\" data-element_type=\"column\">\n\t\t\t<div class=\"elementor-column-wrap elementor-element-populated\">\n\t\t\t\t\t\t\t<div class=\"elementor-widget-wrap\">\n\t\t\t\t\t\t<div class=\"elementor-element elementor-element-1280cc0 elementor-widget elementor-widget-image\" data-id=\"1280cc0\" data-element_type=\"widget\" data-widget_type=\"image.default\">\n\t\t\t\t<div class=\"elementor-widget-container\">\n\t\t\t\t\t<div class=\"elementor-image\">\n\t\t\t\t\t\t\t\t\t\t<img width=\"1152\" height=\"768\" src=\"https:\/\/margotdumaquillage.com\/wp-content\/uploads\/2018\/10\/V-1.jpg\" class=\"attachment-full size-full\" alt=\"Margot Dumas, Artiste Maquilleuse\" loading=\"lazy\" srcset=\"https:\/\/margotdumaquillage.com\/wp-content\/uploads\/2018\/10\/V-1.jpg 1152w, https:\/\/margotdumaquillage.com\/wp-content\/uploads\/2018\/10\/V-1-300x200.jpg 300w, https:\/\/margotdumaquillage.com\/wp-content\/uploads\/2018\/10\/V-1-768x512.jpg 768w, https:\/\/margotdumaquillage.com\/wp-content\/uploads\/2018\/10\/V-1-1024x683.jpg 1024w, https:\/\/margotdumaquillage.com\/wp-content\/uploads\/2018\/10\/V-1-250x167.jpg 250w, https:\/\/margotdumaquillage.com\/wp-content\/uploads\/2018\/10\/V-1-550x367.jpg 550w, https:\/\/margotdumaquillage.com\/wp-content\/uploads\/2018\/10\/V-1-800x533.jpg 800w, https:\/\/margotdumaquillage.com\/wp-content\/uploads\/2018\/10\/V-1-270x180.jpg 270w, https:\/\/margotdumaquillage.com\/wp-content\/uploads\/2018\/10\/V-1-450x300.jpg 450w, https:\/\/margotdumaquillage.com\/wp-content\/uploads\/2018\/10\/V-1-750x500.jpg 750w\" sizes=\"(max-width: 1152px) 100vw, 1152px\" \/>\t\t\t\t\t\t\t\t\t\t\t<\/div>\n\t\t\t\t<\/div>\n\t\t\t\t<\/div>\n\t\t\t\t<div class=\"elementor-element elementor-element-950bd7d elementor-widget elementor-widget-text-editor\" data-id=\"950bd7d\" data-element_type=\"widget\" data-widget_type=\"text-editor.default\">\n\t\t\t\t<div class=\"elementor-widget-container\">\n\t\t\t\t\t<div class=\"elementor-text-editor elementor-clearfix\"><p>Photographe : Loric Gonzalez<\/p><\/div>\n\t\t\t\t<\/div>\n\t\t\t\t<\/div>\n\t\t\t\t\t\t<\/div>\n\t\t\t\t\t<\/div>\n\t\t<\/div>\n\t\t\t\t\t\t\t\t<\/div>\n\t\t\t\t\t<\/div>\n\t\t<\/section>\n\t\t\t\t\t\t<\/div>\n\t\t\t\t\t\t<\/div>\n\t\t\t\t\t<\/div>\n\t\t","protected":false},"excerpt":{"rendered":"<p>Photographe : Histoires Brutes maquilleuse professionnelle Lumi\u00e8re et contraste J&#8217;aime travailler dans la douceur et la subtilit\u00e9,l&#8217;objectif n&#8217;\u00e9tant pas de camoufler,mais mettre en valeur pour embellir. \u00a0 Anciennement maquilleuse chez MAC Cosmetics \u00e0 Lyon, je suis aujourd&#8217;hui install\u00e9e \u00e0 mon compte dans le sud de la Dr\u00f4me depuis d\u00e9but 2016. Couleurs au bout du pinceau [&hellip;]<\/p>\n","protected":false},"author":2,"featured_media":0,"parent":0,"menu_order":0,"comment_status":"closed","ping_status":"closed","template":"","meta":[],"_links":{"self":[{"href":"https:\/\/margotdumaquillage.com\/index.php\/wp-json\/wp\/v2\/pages\/274"}],"collection":[{"href":"https:\/\/margotdumaquillage.com\/index.php\/wp-json\/wp\/v2\/pages"}],"about":[{"href":"https:\/\/margotdumaquillage.com\/index.php\/wp-json\/wp\/v2\/types\/page"}],"author":[{"embeddable":true,"href":"https:\/\/margotdumaquillage.com\/index.php\/wp-json\/wp\/v2\/users\/2"}],"replies":[{"embeddable":true,"href":"https:\/\/margotdumaquillage.com\/index.php\/wp-json\/wp\/v2\/comments?post=274"}],"version-history":[{"count":24,"href":"https:\/\/margotdumaquillage.com\/index.php\/wp-json\/wp\/v2\/pages\/274\/revisions"}],"predecessor-version":[{"id":2414,"href":"https:\/\/margotdumaquillage.com\/index.php\/wp-json\/wp\/v2\/pages\/274\/revisions\/2414"}],"wp:attachment":[{"href":"https:\/\/margotdumaquillage.com\/index.php\/wp-json\/wp\/v2\/media?parent=274"}],"curies":[{"name":"wp","href":"https:\/\/api.w.org\/{rel}","templated":true}]}}