{"id":405,"date":"2018-09-18T16:21:43","date_gmt":"2018-09-18T14:21:43","guid":{"rendered":"http:\/\/margotdumaquillage.com\/?page_id=405"},"modified":"2019-05-04T12:38:29","modified_gmt":"2019-05-04T10:38:29","slug":"bodypainting","status":"publish","type":"page","link":"https:\/\/margotdumaquillage.com\/index.php\/galeries\/bodypainting\/","title":{"rendered":"Bodypainting"},"content":{"rendered":"\t\t<div data-elementor-type=\"wp-post\" data-elementor-id=\"405\" class=\"elementor elementor-405\" data-elementor-settings=\"[]\">\n\t\t\t\t\t\t<div class=\"elementor-inner\">\n\t\t\t\t\t\t\t<div class=\"elementor-section-wrap\">\n\t\t\t\t\t\t\t<section class=\"elementor-section elementor-top-section elementor-element elementor-element-b922d81 elementor-section-boxed elementor-section-height-default elementor-section-height-default\" data-id=\"b922d81\" data-element_type=\"section\">\n\t\t\t\t\t\t<div class=\"elementor-container elementor-column-gap-default\">\n\t\t\t\t\t\t\t<div class=\"elementor-row\">\n\t\t\t\t\t<div class=\"elementor-column elementor-col-100 elementor-top-column elementor-element elementor-element-b2f3d34\" data-id=\"b2f3d34\" data-element_type=\"column\">\n\t\t\t<div class=\"elementor-column-wrap elementor-element-populated\">\n\t\t\t\t\t\t\t<div class=\"elementor-widget-wrap\">\n\t\t\t\t\t\t<div class=\"elementor-element elementor-element-87cc56f elementor--h-position-center elementor--v-position-middle elementor-widget elementor-widget-slides\" data-id=\"87cc56f\" data-element_type=\"widget\" data-widget_type=\"slides.default\">\n\t\t\t\t<div class=\"elementor-widget-container\">\n\t\t\t\t\t<div class=\"elementor-slides-wrapper elementor-slick-slider\" dir=\"ltr\">\n\t\t\t<div class=\"elementor-slides slick-arrows-inside slick-dots-inside\" data-slider_options=\"{&quot;slidesToShow&quot;:1,&quot;autoplaySpeed&quot;:5000,&quot;autoplay&quot;:true,&quot;infinite&quot;:true,&quot;pauseOnHover&quot;:true,&quot;speed&quot;:500,&quot;arrows&quot;:true,&quot;dots&quot;:true,&quot;rtl&quot;:false}\" data-animation=\"fadeInUp\">\n\t\t\t\t<div class=\"elementor-repeater-item-3dbe857 slick-slide\"><div class=\"slick-slide-bg\"><\/div><a href=\"http:\/\/margotdumaquillage.com\/index.php\/galeries\/bodypainting\/serie-des-tissus\/\" class=\"slick-slide-inner\"><div class=\"elementor-background-overlay\"><\/div><div class=\"elementor-slide-content\"><div class=\"elementor-slide-heading\">S\u00e9rie des Tissus<\/div><div class=\"elementor-slide-description\">Je r\u00e9cup\u00e8re de tissus pour cr\u00e9er des fonds et reproduire les motifs sur certaines parties du corps afin que celui se fonde et se confonde...<\/div><div  class=\"elementor-button elementor-slide-button elementor-size-sm\">Voir la galerie<\/div><\/div><\/a><\/div><div class=\"elementor-repeater-item-5383e9f slick-slide\"><div class=\"slick-slide-bg\"><\/div><a href=\"http:\/\/margotdumaquillage.com\/index.php\/galeries\/bodypainting\/les-couleurs\/\" class=\"slick-slide-inner\"><div class=\"elementor-slide-content\"><div class=\"elementor-slide-heading\">Les couleurs<\/div><div class=\"elementor-slide-description\">Couleurs au bout du pinceau\u2026\nParce qu'elles se m\u00e9langent \u00e0 l'infini,\nLes couleurs sont pleines de vie,\nJe vois la vie en couleur...<\/div><div  class=\"elementor-button elementor-slide-button elementor-size-sm\">Voir la galerie<\/div><\/div><\/a><\/div><div class=\"elementor-repeater-item-51f610d slick-slide\"><div class=\"slick-slide-bg\"><\/div><a href=\"http:\/\/margotdumaquillage.com\/index.php\/galeries\/bodypainting\/bellypainting\/\" class=\"slick-slide-inner\"><div class=\"elementor-background-overlay\"><\/div><div class=\"elementor-slide-content\"><div class=\"elementor-slide-heading\">Bellypainting<\/div><div class=\"elementor-slide-description\">Peinture sur le ventre de femmes enceintes<\/div><div  class=\"elementor-button elementor-slide-button elementor-size-sm\">Voir la galerie<\/div><\/div><\/a><\/div>\t\t\t<\/div>\n\t\t<\/div>\n\t\t\t\t<\/div>\n\t\t\t\t<\/div>\n\t\t\t\t\t\t<\/div>\n\t\t\t\t\t<\/div>\n\t\t<\/div>\n\t\t\t\t\t\t\t\t<\/div>\n\t\t\t\t\t<\/div>\n\t\t<\/section>\n\t\t\t\t<section class=\"elementor-section elementor-top-section elementor-element elementor-element-60282f2 elementor-section-boxed elementor-section-height-default elementor-section-height-default\" data-id=\"60282f2\" data-element_type=\"section\">\n\t\t\t\t\t\t<div class=\"elementor-container elementor-column-gap-default\">\n\t\t\t\t\t\t\t<div class=\"elementor-row\">\n\t\t\t\t\t<div class=\"elementor-column elementor-col-100 elementor-top-column elementor-element elementor-element-dec4c37\" data-id=\"dec4c37\" data-element_type=\"column\">\n\t\t\t<div class=\"elementor-column-wrap elementor-element-populated\">\n\t\t\t\t\t\t\t<div class=\"elementor-widget-wrap\">\n\t\t\t\t\t\t<div class=\"elementor-element elementor-element-ee8d6aa elementor-widget elementor-widget-portfolio\" data-id=\"ee8d6aa\" data-element_type=\"widget\" data-settings=\"{&quot;item_ratio&quot;:{&quot;unit&quot;:&quot;px&quot;,&quot;size&quot;:0.67,&quot;sizes&quot;:[]},&quot;item_gap&quot;:{&quot;unit&quot;:&quot;px&quot;,&quot;size&quot;:2,&quot;sizes&quot;:[]},&quot;columns&quot;:&quot;3&quot;,&quot;columns_tablet&quot;:&quot;2&quot;,&quot;columns_mobile&quot;:&quot;1&quot;}\" data-widget_type=\"portfolio.default\">\n\t\t\t\t<div class=\"elementor-widget-container\">\n\t\t\t\t\t<div class=\"elementor-portfolio elementor-posts-container\">\n\t\t\t\t<article class=\"elementor-portfolio-item elementor-post  post-434 page type-page status-publish has-post-thumbnail hentry entry has-media\">\n\t\t\t<a class=\"elementor-post__thumbnail__link\" href=\"https:\/\/margotdumaquillage.com\/index.php\/galeries\/bodypainting\/serie-des-tissus\/\">\n\t\t\t\t<div class=\"elementor-portfolio-item__img elementor-post__thumbnail\">\n\t\t\t<img width=\"1200\" height=\"800\" src=\"https:\/\/margotdumaquillage.com\/wp-content\/uploads\/2018\/06\/Margot-Dumas-Artiste-Maquilleuse-Body-Painting-7.jpg\" class=\"attachment-full size-full\" alt=\"Margot Dumas Artiste Maquilleuse Body Painting\" loading=\"lazy\" srcset=\"https:\/\/margotdumaquillage.com\/wp-content\/uploads\/2018\/06\/Margot-Dumas-Artiste-Maquilleuse-Body-Painting-7.jpg 1200w, https:\/\/margotdumaquillage.com\/wp-content\/uploads\/2018\/06\/Margot-Dumas-Artiste-Maquilleuse-Body-Painting-7-300x200.jpg 300w, https:\/\/margotdumaquillage.com\/wp-content\/uploads\/2018\/06\/Margot-Dumas-Artiste-Maquilleuse-Body-Painting-7-768x512.jpg 768w, https:\/\/margotdumaquillage.com\/wp-content\/uploads\/2018\/06\/Margot-Dumas-Artiste-Maquilleuse-Body-Painting-7-1024x683.jpg 1024w, https:\/\/margotdumaquillage.com\/wp-content\/uploads\/2018\/06\/Margot-Dumas-Artiste-Maquilleuse-Body-Painting-7-370x247.jpg 370w, https:\/\/margotdumaquillage.com\/wp-content\/uploads\/2018\/06\/Margot-Dumas-Artiste-Maquilleuse-Body-Painting-7-1040x693.jpg 1040w\" sizes=\"(max-width: 1200px) 100vw, 1200px\" \/>\t\t<\/div>\n\t\t\t\t<div class=\"elementor-portfolio-item__overlay\">\n\t\t\t\t<h3 class=\"elementor-portfolio-item__title\">\n\t\tS\u00e9rie des Tissus\t\t<\/h3>\n\t\t\t\t<\/div>\n\t\t\t\t<\/a>\n\t\t<\/article>\n\t\t\t\t<article class=\"elementor-portfolio-item elementor-post  post-439 page type-page status-publish has-post-thumbnail hentry entry has-media\">\n\t\t\t<a class=\"elementor-post__thumbnail__link\" href=\"https:\/\/margotdumaquillage.com\/index.php\/galeries\/bodypainting\/les-couleurs\/\">\n\t\t\t\t<div class=\"elementor-portfolio-item__img elementor-post__thumbnail\">\n\t\t\t<img width=\"1123\" height=\"749\" src=\"https:\/\/margotdumaquillage.com\/wp-content\/uploads\/2018\/06\/Margot-Dumas-Artiste-Maquilleuse-Body-Painting-2-1.jpg\" class=\"attachment-full size-full\" alt=\"Margot Dumas Artiste Maquilleuse Body Painting\" loading=\"lazy\" srcset=\"https:\/\/margotdumaquillage.com\/wp-content\/uploads\/2018\/06\/Margot-Dumas-Artiste-Maquilleuse-Body-Painting-2-1.jpg 1123w, https:\/\/margotdumaquillage.com\/wp-content\/uploads\/2018\/06\/Margot-Dumas-Artiste-Maquilleuse-Body-Painting-2-1-300x200.jpg 300w, https:\/\/margotdumaquillage.com\/wp-content\/uploads\/2018\/06\/Margot-Dumas-Artiste-Maquilleuse-Body-Painting-2-1-768x512.jpg 768w, https:\/\/margotdumaquillage.com\/wp-content\/uploads\/2018\/06\/Margot-Dumas-Artiste-Maquilleuse-Body-Painting-2-1-1024x683.jpg 1024w, https:\/\/margotdumaquillage.com\/wp-content\/uploads\/2018\/06\/Margot-Dumas-Artiste-Maquilleuse-Body-Painting-2-1-370x247.jpg 370w, https:\/\/margotdumaquillage.com\/wp-content\/uploads\/2018\/06\/Margot-Dumas-Artiste-Maquilleuse-Body-Painting-2-1-1040x694.jpg 1040w\" sizes=\"(max-width: 1123px) 100vw, 1123px\" \/>\t\t<\/div>\n\t\t\t\t<div class=\"elementor-portfolio-item__overlay\">\n\t\t\t\t<h3 class=\"elementor-portfolio-item__title\">\n\t\tLes couleurs\t\t<\/h3>\n\t\t\t\t<\/div>\n\t\t\t\t<\/a>\n\t\t<\/article>\n\t\t\t\t<article class=\"elementor-portfolio-item elementor-post  post-2293 page type-page status-publish has-post-thumbnail hentry entry has-media\">\n\t\t\t<a class=\"elementor-post__thumbnail__link\" href=\"https:\/\/margotdumaquillage.com\/index.php\/galeries\/bodypainting\/bellypainting\/\">\n\t\t\t\t<div class=\"elementor-portfolio-item__img elementor-post__thumbnail\">\n\t\t\t<img width=\"1152\" height=\"768\" src=\"https:\/\/margotdumaquillage.com\/wp-content\/uploads\/2018\/06\/Margot-Dumas-Artiste-Maquilleuse-Belly-Painting-1.jpg\" class=\"attachment-full size-full\" alt=\"Margot Dumas Artiste Maquilleuse Belly Painting\" loading=\"lazy\" srcset=\"https:\/\/margotdumaquillage.com\/wp-content\/uploads\/2018\/06\/Margot-Dumas-Artiste-Maquilleuse-Belly-Painting-1.jpg 1152w, https:\/\/margotdumaquillage.com\/wp-content\/uploads\/2018\/06\/Margot-Dumas-Artiste-Maquilleuse-Belly-Painting-1-300x200.jpg 300w, https:\/\/margotdumaquillage.com\/wp-content\/uploads\/2018\/06\/Margot-Dumas-Artiste-Maquilleuse-Belly-Painting-1-768x512.jpg 768w, https:\/\/margotdumaquillage.com\/wp-content\/uploads\/2018\/06\/Margot-Dumas-Artiste-Maquilleuse-Belly-Painting-1-1024x683.jpg 1024w, https:\/\/margotdumaquillage.com\/wp-content\/uploads\/2018\/06\/Margot-Dumas-Artiste-Maquilleuse-Belly-Painting-1-370x247.jpg 370w, https:\/\/margotdumaquillage.com\/wp-content\/uploads\/2018\/06\/Margot-Dumas-Artiste-Maquilleuse-Belly-Painting-1-1040x693.jpg 1040w\" sizes=\"(max-width: 1152px) 100vw, 1152px\" \/>\t\t<\/div>\n\t\t\t\t<div class=\"elementor-portfolio-item__overlay\">\n\t\t\t\t<h3 class=\"elementor-portfolio-item__title\">\n\t\tBellypainting\t\t<\/h3>\n\t\t\t\t<\/div>\n\t\t\t\t<\/a>\n\t\t<\/article>\n\t\t\t\t<\/div>\n\t\t\t\t<\/div>\n\t\t\t\t<\/div>\n\t\t\t\t\t\t<\/div>\n\t\t\t\t\t<\/div>\n\t\t<\/div>\n\t\t\t\t\t\t\t\t<\/div>\n\t\t\t\t\t<\/div>\n\t\t<\/section>\n\t\t\t\t\t\t<\/div>\n\t\t\t\t\t\t<\/div>\n\t\t\t\t\t<\/div>\n\t\t","protected":false},"excerpt":{"rendered":"<p>S\u00e9rie des TissusJe r\u00e9cup\u00e8re de tissus pour cr\u00e9er des fonds et reproduire les motifs sur certaines parties du corps afin que celui se fonde et se confonde&#8230;Voir la galerieLes couleursCouleurs au bout du pinceau\u2026 Parce qu&#8217;elles se m\u00e9langent \u00e0 l&#8217;infini, Les couleurs sont pleines de vie, Je vois la vie en couleur&#8230;Voir la galerieBellypaintingPeinture sur [&hellip;]<\/p>\n","protected":false},"author":2,"featured_media":208,"parent":261,"menu_order":0,"comment_status":"closed","ping_status":"closed","template":"","meta":[],"_links":{"self":[{"href":"https:\/\/margotdumaquillage.com\/index.php\/wp-json\/wp\/v2\/pages\/405"}],"collection":[{"href":"https:\/\/margotdumaquillage.com\/index.php\/wp-json\/wp\/v2\/pages"}],"about":[{"href":"https:\/\/margotdumaquillage.com\/index.php\/wp-json\/wp\/v2\/types\/page"}],"author":[{"embeddable":true,"href":"https:\/\/margotdumaquillage.com\/index.php\/wp-json\/wp\/v2\/users\/2"}],"replies":[{"embeddable":true,"href":"https:\/\/margotdumaquillage.com\/index.php\/wp-json\/wp\/v2\/comments?post=405"}],"version-history":[{"count":28,"href":"https:\/\/margotdumaquillage.com\/index.php\/wp-json\/wp\/v2\/pages\/405\/revisions"}],"predecessor-version":[{"id":2677,"href":"https:\/\/margotdumaquillage.com\/index.php\/wp-json\/wp\/v2\/pages\/405\/revisions\/2677"}],"up":[{"embeddable":true,"href":"https:\/\/margotdumaquillage.com\/index.php\/wp-json\/wp\/v2\/pages\/261"}],"wp:featuredmedia":[{"embeddable":true,"href":"https:\/\/margotdumaquillage.com\/index.php\/wp-json\/wp\/v2\/media\/208"}],"wp:attachment":[{"href":"https:\/\/margotdumaquillage.com\/index.php\/wp-json\/wp\/v2\/media?parent=405"}],"curies":[{"name":"wp","href":"https:\/\/api.w.org\/{rel}","templated":true}]}}