{"id":519,"date":"2018-10-01T16:09:48","date_gmt":"2018-10-01T14:09:48","guid":{"rendered":"http:\/\/margotdumaquillage.com\/?page_id=519"},"modified":"2019-05-04T12:56:16","modified_gmt":"2019-05-04T10:56:16","slug":"evenement","status":"publish","type":"page","link":"https:\/\/margotdumaquillage.com\/index.php\/galeries\/evenement\/","title":{"rendered":"\u00e9v\u00e9nement"},"content":{"rendered":"\t\t<div data-elementor-type=\"wp-post\" data-elementor-id=\"519\" class=\"elementor elementor-519\" data-elementor-settings=\"[]\">\n\t\t\t\t\t\t<div class=\"elementor-inner\">\n\t\t\t\t\t\t\t<div class=\"elementor-section-wrap\">\n\t\t\t\t\t\t\t<section class=\"elementor-section elementor-top-section elementor-element elementor-element-fd5ab23 elementor-section-boxed elementor-section-height-default elementor-section-height-default\" data-id=\"fd5ab23\" data-element_type=\"section\">\n\t\t\t\t\t\t<div class=\"elementor-container elementor-column-gap-default\">\n\t\t\t\t\t\t\t<div class=\"elementor-row\">\n\t\t\t\t\t<div class=\"elementor-column elementor-col-100 elementor-top-column elementor-element elementor-element-2638bdf\" data-id=\"2638bdf\" data-element_type=\"column\">\n\t\t\t<div class=\"elementor-column-wrap elementor-element-populated\">\n\t\t\t\t\t\t\t<div class=\"elementor-widget-wrap\">\n\t\t\t\t\t\t<div class=\"elementor-element elementor-element-569d324 elementor--h-position-center elementor--v-position-middle elementor-widget elementor-widget-slides\" data-id=\"569d324\" data-element_type=\"widget\" data-widget_type=\"slides.default\">\n\t\t\t\t<div class=\"elementor-widget-container\">\n\t\t\t\t\t<div class=\"elementor-slides-wrapper elementor-slick-slider\" dir=\"ltr\">\n\t\t\t<div class=\"elementor-slides slick-arrows-inside slick-dots-inside\" data-slider_options=\"{&quot;slidesToShow&quot;:1,&quot;autoplaySpeed&quot;:5000,&quot;autoplay&quot;:true,&quot;infinite&quot;:true,&quot;pauseOnHover&quot;:true,&quot;speed&quot;:500,&quot;arrows&quot;:true,&quot;dots&quot;:true,&quot;rtl&quot;:false}\" data-animation=\"fadeInUp\">\n\t\t\t\t<div class=\"elementor-repeater-item-3dbe857 slick-slide\"><div class=\"slick-slide-bg\"><\/div><a href=\"http:\/\/margotdumaquillage.com\/index.php\/galeries\/evenement\/defile-biennale-de-la-danse-2014\/\" class=\"slick-slide-inner\"><div class=\"elementor-background-overlay\"><\/div><div class=\"elementor-slide-content\"><div class=\"elementor-slide-heading\">D\u00e9fil\u00e9 Biennale de la danse 2014<\/div><div class=\"elementor-slide-description\">Facepainting pour le d\u00e9fil\u00e9 de la biennale de la danse 2014 \u00e0 Lyon, avec la Cie Virevolt et les costumi\u00e8res et accessoiristes, Am\u00e9lie Klobuk et Cl\u00e9mentine Cadoret<\/div><div  class=\"elementor-button elementor-slide-button elementor-size-sm\">Voir la galerie<\/div><\/div><\/a><\/div><div class=\"elementor-repeater-item-afbc27b slick-slide\"><div class=\"slick-slide-bg\"><\/div><a href=\"http:\/\/margotdumaquillage.com\/index.php\/galeries\/evenement\/festival-reve-de-cirque\/\" class=\"slick-slide-inner\"><div class=\"elementor-background-overlay\"><\/div><div class=\"elementor-slide-content\"><div class=\"elementor-slide-heading\">Festival R\u00eave de Cirque<\/div><div class=\"elementor-slide-description\">Maquillage enfant pour un festival de rue, spectacles vivants tout public \u00e0 Ch\u00e2tillon sur Chalaronne, juillet 2016<\/div><div  class=\"elementor-button elementor-slide-button elementor-size-sm\">Voir la galerie<\/div><\/div><\/a><\/div>\t\t\t<\/div>\n\t\t<\/div>\n\t\t\t\t<\/div>\n\t\t\t\t<\/div>\n\t\t\t\t\t\t<\/div>\n\t\t\t\t\t<\/div>\n\t\t<\/div>\n\t\t\t\t\t\t\t\t<\/div>\n\t\t\t\t\t<\/div>\n\t\t<\/section>\n\t\t\t\t<section class=\"elementor-section elementor-top-section elementor-element elementor-element-91dac9d elementor-section-boxed elementor-section-height-default elementor-section-height-default\" data-id=\"91dac9d\" data-element_type=\"section\">\n\t\t\t\t\t\t<div class=\"elementor-container elementor-column-gap-default\">\n\t\t\t\t\t\t\t<div class=\"elementor-row\">\n\t\t\t\t\t<div class=\"elementor-column elementor-col-100 elementor-top-column elementor-element elementor-element-effec9f\" data-id=\"effec9f\" data-element_type=\"column\">\n\t\t\t<div class=\"elementor-column-wrap elementor-element-populated\">\n\t\t\t\t\t\t\t<div class=\"elementor-widget-wrap\">\n\t\t\t\t\t\t<div class=\"elementor-element elementor-element-d331076 elementor-widget elementor-widget-portfolio\" data-id=\"d331076\" data-element_type=\"widget\" data-settings=\"{&quot;item_ratio&quot;:{&quot;unit&quot;:&quot;px&quot;,&quot;size&quot;:0.67,&quot;sizes&quot;:[]},&quot;item_gap&quot;:{&quot;unit&quot;:&quot;px&quot;,&quot;size&quot;:2,&quot;sizes&quot;:[]},&quot;columns&quot;:&quot;3&quot;,&quot;columns_tablet&quot;:&quot;2&quot;,&quot;columns_mobile&quot;:&quot;1&quot;}\" data-widget_type=\"portfolio.default\">\n\t\t\t\t<div class=\"elementor-widget-container\">\n\t\t\t\t\t<div class=\"elementor-portfolio elementor-posts-container\">\n\t\t\t\t<article class=\"elementor-portfolio-item elementor-post  post-2613 page type-page status-publish has-post-thumbnail hentry entry has-media\">\n\t\t\t<a class=\"elementor-post__thumbnail__link\" href=\"https:\/\/margotdumaquillage.com\/index.php\/galeries\/evenement\/defile-biennale-de-la-danse-2014\/\">\n\t\t\t\t<div class=\"elementor-portfolio-item__img elementor-post__thumbnail\">\n\t\t\t<img width=\"1000\" height=\"664\" src=\"https:\/\/margotdumaquillage.com\/wp-content\/uploads\/2019\/04\/Margot_Dumas_Artiste_Maquilleuse_biennale_danse_2014_02.jpg\" class=\"attachment-full size-full\" alt=\"Margot Dumas Artiste Maquilleuse d\u00e9fil\u00e9 biennale danse\" loading=\"lazy\" srcset=\"https:\/\/margotdumaquillage.com\/wp-content\/uploads\/2019\/04\/Margot_Dumas_Artiste_Maquilleuse_biennale_danse_2014_02.jpg 1000w, https:\/\/margotdumaquillage.com\/wp-content\/uploads\/2019\/04\/Margot_Dumas_Artiste_Maquilleuse_biennale_danse_2014_02-300x199.jpg 300w, https:\/\/margotdumaquillage.com\/wp-content\/uploads\/2019\/04\/Margot_Dumas_Artiste_Maquilleuse_biennale_danse_2014_02-768x510.jpg 768w\" sizes=\"(max-width: 1000px) 100vw, 1000px\" \/>\t\t<\/div>\n\t\t\t\t<div class=\"elementor-portfolio-item__overlay\">\n\t\t\t\t<h3 class=\"elementor-portfolio-item__title\">\n\t\tD\u00e9fil\u00e9 Biennale de la danse 2014\t\t<\/h3>\n\t\t\t\t<\/div>\n\t\t\t\t<\/a>\n\t\t<\/article>\n\t\t\t\t<article class=\"elementor-portfolio-item elementor-post  post-2638 page type-page status-publish has-post-thumbnail hentry entry has-media\">\n\t\t\t<a class=\"elementor-post__thumbnail__link\" href=\"https:\/\/margotdumaquillage.com\/index.php\/galeries\/evenement\/festival-reve-de-cirque\/\">\n\t\t\t\t<div class=\"elementor-portfolio-item__img elementor-post__thumbnail\">\n\t\t\t<img width=\"1000\" height=\"667\" src=\"https:\/\/margotdumaquillage.com\/wp-content\/uploads\/2019\/04\/Margot_Dumas_Artiste_Maquilleuse_festival_reve_de_cirque_01.jpg\" class=\"attachment-full size-full\" alt=\"Margot Dumas Artiste Maquilleuse festival cirque\" loading=\"lazy\" srcset=\"https:\/\/margotdumaquillage.com\/wp-content\/uploads\/2019\/04\/Margot_Dumas_Artiste_Maquilleuse_festival_reve_de_cirque_01.jpg 1000w, https:\/\/margotdumaquillage.com\/wp-content\/uploads\/2019\/04\/Margot_Dumas_Artiste_Maquilleuse_festival_reve_de_cirque_01-300x200.jpg 300w, https:\/\/margotdumaquillage.com\/wp-content\/uploads\/2019\/04\/Margot_Dumas_Artiste_Maquilleuse_festival_reve_de_cirque_01-768x512.jpg 768w\" sizes=\"(max-width: 1000px) 100vw, 1000px\" \/>\t\t<\/div>\n\t\t\t\t<div class=\"elementor-portfolio-item__overlay\">\n\t\t\t\t<h3 class=\"elementor-portfolio-item__title\">\n\t\tFestival R\u00eave de Cirque\t\t<\/h3>\n\t\t\t\t<\/div>\n\t\t\t\t<\/a>\n\t\t<\/article>\n\t\t\t\t<\/div>\n\t\t\t\t<\/div>\n\t\t\t\t<\/div>\n\t\t\t\t\t\t<\/div>\n\t\t\t\t\t<\/div>\n\t\t<\/div>\n\t\t\t\t\t\t\t\t<\/div>\n\t\t\t\t\t<\/div>\n\t\t<\/section>\n\t\t\t\t\t\t<\/div>\n\t\t\t\t\t\t<\/div>\n\t\t\t\t\t<\/div>\n\t\t","protected":false},"excerpt":{"rendered":"<p>D\u00e9fil\u00e9 Biennale de la danse 2014Facepainting pour le d\u00e9fil\u00e9 de la biennale de la danse 2014 \u00e0 Lyon, avec la Cie Virevolt et les costumi\u00e8res et accessoiristes, Am\u00e9lie Klobuk et Cl\u00e9mentine CadoretVoir la galerieFestival R\u00eave de CirqueMaquillage enfant pour un festival de rue, spectacles vivants tout public \u00e0 Ch\u00e2tillon sur Chalaronne, juillet 2016Voir la galerie<\/p>\n","protected":false},"author":2,"featured_media":2591,"parent":261,"menu_order":0,"comment_status":"closed","ping_status":"closed","template":"","meta":[],"_links":{"self":[{"href":"https:\/\/margotdumaquillage.com\/index.php\/wp-json\/wp\/v2\/pages\/519"}],"collection":[{"href":"https:\/\/margotdumaquillage.com\/index.php\/wp-json\/wp\/v2\/pages"}],"about":[{"href":"https:\/\/margotdumaquillage.com\/index.php\/wp-json\/wp\/v2\/types\/page"}],"author":[{"embeddable":true,"href":"https:\/\/margotdumaquillage.com\/index.php\/wp-json\/wp\/v2\/users\/2"}],"replies":[{"embeddable":true,"href":"https:\/\/margotdumaquillage.com\/index.php\/wp-json\/wp\/v2\/comments?post=519"}],"version-history":[{"count":7,"href":"https:\/\/margotdumaquillage.com\/index.php\/wp-json\/wp\/v2\/pages\/519\/revisions"}],"predecessor-version":[{"id":2680,"href":"https:\/\/margotdumaquillage.com\/index.php\/wp-json\/wp\/v2\/pages\/519\/revisions\/2680"}],"up":[{"embeddable":true,"href":"https:\/\/margotdumaquillage.com\/index.php\/wp-json\/wp\/v2\/pages\/261"}],"wp:featuredmedia":[{"embeddable":true,"href":"https:\/\/margotdumaquillage.com\/index.php\/wp-json\/wp\/v2\/media\/2591"}],"wp:attachment":[{"href":"https:\/\/margotdumaquillage.com\/index.php\/wp-json\/wp\/v2\/media?parent=519"}],"curies":[{"name":"wp","href":"https:\/\/api.w.org\/{rel}","templated":true}]}}